{"id":938,"date":"2026-04-07T19:47:55","date_gmt":"2026-04-07T19:47:55","guid":{"rendered":"https:\/\/darkgoldenrod-rabbit-148965.hostingersite.com\/admission\/"},"modified":"2026-04-16T14:21:12","modified_gmt":"2026-04-16T12:21:12","slug":"house-rules","status":"publish","type":"page","link":"https:\/\/laruchekids.com\/fr\/house-rules\/","title":{"rendered":"R\u00e8glement"},"content":{"rendered":"<div data-elementor-type=\"wp-page\" data-elementor-id=\"938\" class=\"elementor elementor-938\">\n\t\t\t\t<div class=\"elementor-element elementor-element-0033e46 e-flex e-con-boxed e-con e-parent\" data-id=\"0033e46\" data-element_type=\"container\" data-e-type=\"container\" data-settings=\"{&quot;background_background&quot;:&quot;classic&quot;}\">\n\t\t\t\t\t<div class=\"e-con-inner\">\n\t\t<div class=\"elementor-element elementor-element-4a23daa e-con-full e-flex e-con e-child\" data-id=\"4a23daa\" data-element_type=\"container\" data-e-type=\"container\">\n\t\t<div class=\"elementor-element elementor-element-4536081 e-con-full e-flex e-con e-child\" data-id=\"4536081\" data-element_type=\"container\" data-e-type=\"container\">\n\t\t<div class=\"elementor-element elementor-element-3ccb566 e-con-full e-flex e-con e-child\" data-id=\"3ccb566\" data-element_type=\"container\" data-e-type=\"container\">\n\t\t\t\t<div class=\"elementor-element elementor-element-71ac86b elementor-widget elementor-widget-heading\" data-id=\"71ac86b\" data-element_type=\"widget\" data-e-type=\"widget\" data-widget_type=\"heading.default\">\n\t\t\t\t\t<h1 class=\"elementor-heading-title elementor-size-default\">R\u00e8gles pour une visite s\u00fbre et amusante<\/h1>\t\t\t\t<\/div>\n\t\t\t\t<div class=\"elementor-element elementor-element-b6ea6da elementor-widget__width-initial elementor-widget elementor-widget-text-editor\" data-id=\"b6ea6da\" data-element_type=\"widget\" data-e-type=\"widget\" data-widget_type=\"text-editor.default\">\n\t\t\t\t\t\t\t\t\t<p>Pour que La Ruche Kids reste un lieu s\u00fbr, propre et agr\u00e9able pour tous, veuillez lire notre r\u00e8glement int\u00e9rieur avant votre visite.<br data-start=\"157\" data-end=\"160\" \/><strong data-start=\"160\" data-end=\"175\">Points cl\u00e9s\u00a0:<\/strong> Les enfants restent en permanence sous la surveillance d'un parent ou tuteur. <strong data-start=\"249\" data-end=\"272\">les chaussettes sont obligatoires<\/strong> pour les enfants et les adultes dans toutes les aires de jeux, <strong data-start=\"316\" data-end=\"345\">Nourriture et boissons ext\u00e9rieures interdites<\/strong>Un comportement respectueux est exig\u00e9, et entrer dans cet espace implique d'accepter ces r\u00e8gles.<\/p>\t\t\t\t\t\t\t\t<\/div>\n\t\t\t\t<\/div>\n\t\t\t\t<\/div>\n\t\t\t\t<div class=\"elementor-element elementor-element-2db5e73 elementor-widget elementor-widget-text-editor\" data-id=\"2db5e73\" data-element_type=\"widget\" data-e-type=\"widget\" data-widget_type=\"text-editor.default\">\n\t\t\t\t\t\t\t\t\t<p><span dir=\"auto\" style=\"vertical-align: inherit;\"><span dir=\"auto\" style=\"vertical-align: inherit;\"><span dir=\"auto\" style=\"vertical-align: inherit;\"><span dir=\"auto\" style=\"vertical-align: inherit;\"><a href=\"https:\/\/laruchekids.com\/wp-content\/uploads\/2026\/04\/\ud83d\udc1d-REGLEMENT-INTERIEUR-1.pdf\" class=\"pdfemb-viewer\" style=\"\" data-width=\"max\" data-height=\"max\" data-toolbar=\"bottom\" data-toolbar-fixed=\"off\">\ud83d\udc1d-REGLEMENT-INTERIEUR-1<\/a><\/span><\/span><\/span><\/span><\/p>\t\t\t\t\t\t\t\t<\/div>\n\t\t\t\t<div class=\"elementor-element elementor-element-d8671bd elementor-align-center elementor-widget elementor-widget-button\" data-id=\"d8671bd\" data-element_type=\"widget\" data-e-type=\"widget\" data-widget_type=\"button.default\">\n\t\t\t\t\t\t\t\t\t\t<a class=\"elementor-button elementor-button-link elementor-size-sm\" href=\"https:\/\/laruchekids.com\/wp-content\/uploads\/2026\/04\/\ud83d\udc1d-REGLEMENT-INTERIEUR-1.pdf\">\n\t\t\t\t\t\t<span class=\"elementor-button-content-wrapper\">\n\t\t\t\t\t\t\t\t\t<span class=\"elementor-button-text\">T\u00e9l\u00e9chargez le r\u00e8glement int\u00e9rieur<\/span>\n\t\t\t\t\t<\/span>\n\t\t\t\t\t<\/a>\n\t\t\t\t\t\t\t\t<\/div>\n\t\t\t\t<\/div>\n\t\t\t\t\t<\/div>\n\t\t\t\t<\/div>\n\t\t<div class=\"elementor-element elementor-element-a3c9db8 e-flex e-con-boxed e-con e-parent\" data-id=\"a3c9db8\" data-element_type=\"container\" data-e-type=\"container\">\n\t\t\t\t\t<div class=\"e-con-inner\">\n\t\t<div class=\"elementor-element elementor-element-73a34d2 e-con-full e-flex e-con e-child\" data-id=\"73a34d2\" data-element_type=\"container\" data-e-type=\"container\">\n\t\t\t\t<div class=\"elementor-element elementor-element-12201d8 elementor-shape-circle elementor-grid-3 e-grid-align-center elementor-widget elementor-widget-social-icons\" data-id=\"12201d8\" data-element_type=\"widget\" data-e-type=\"widget\" data-widget_type=\"social-icons.default\">\n\t\t\t\t\t\t\t<div class=\"elementor-social-icons-wrapper elementor-grid\" role=\"list\">\n\t\t\t\t\t\t\t<span class=\"elementor-grid-item\" role=\"listitem\">\n\t\t\t\t\t<a class=\"elementor-icon elementor-social-icon elementor-social-icon-facebook elementor-repeater-item-e3a785c\" href=\"https:\/\/www.facebook.com\/profile.php?id=61585659606212\" target=\"_blank\">\n\t\t\t\t\t\t<span class=\"elementor-screen-only\">Facebook<\/span>\n\t\t\t\t\t\t<svg aria-hidden=\"true\" class=\"e-font-icon-svg e-fab-facebook\" viewbox=\"0 0 512 512\" xmlns=\"http:\/\/www.w3.org\/2000\/svg\"><path d=\"M504 256C504 119 393 8 256 8S8 119 8 256c0 123.78 90.69 226.38 209.25 245V327.69h-63V256h63v-54.64c0-62.15 37-96.48 93.67-96.48 27.14 0 55.52 4.84 55.52 4.84v61h-31.28c-30.8 0-40.41 19.12-40.41 38.73V256h68.78l-11 71.69h-57.78V501C413.31 482.38 504 379.78 504 256z\"><\/path><\/svg>\t\t\t\t\t<\/a>\n\t\t\t\t<\/span>\n\t\t\t\t\t\t\t<span class=\"elementor-grid-item\" role=\"listitem\">\n\t\t\t\t\t<a class=\"elementor-icon elementor-social-icon elementor-social-icon-instagram elementor-repeater-item-d8352c4\" href=\"https:\/\/www.instagram.com\/laruchekids\/\" target=\"_blank\">\n\t\t\t\t\t\t<span class=\"elementor-screen-only\">Instagram<\/span>\n\t\t\t\t\t\t<svg aria-hidden=\"true\" class=\"e-font-icon-svg e-fab-instagram\" viewbox=\"0 0 448 512\" xmlns=\"http:\/\/www.w3.org\/2000\/svg\"><path d=\"M224.1 141c-63.6 0-114.9 51.3-114.9 114.9s51.3 114.9 114.9 114.9S339 319.5 339 255.9 287.7 141 224.1 141zm0 189.6c-41.1 0-74.7-33.5-74.7-74.7s33.5-74.7 74.7-74.7 74.7 33.5 74.7 74.7-33.6 74.7-74.7 74.7zm146.4-194.3c0 14.9-12 26.8-26.8 26.8-14.9 0-26.8-12-26.8-26.8s12-26.8 26.8-26.8 26.8 12 26.8 26.8zm76.1 27.2c-1.7-35.9-9.9-67.7-36.2-93.9-26.2-26.2-58-34.4-93.9-36.2-37-2.1-147.9-2.1-184.9 0-35.8 1.7-67.6 9.9-93.9 36.1s-34.4 58-36.2 93.9c-2.1 37-2.1 147.9 0 184.9 1.7 35.9 9.9 67.7 36.2 93.9s58 34.4 93.9 36.2c37 2.1 147.9 2.1 184.9 0 35.9-1.7 67.7-9.9 93.9-36.2 26.2-26.2 34.4-58 36.2-93.9 2.1-37 2.1-147.8 0-184.8zM398.8 388c-7.8 19.6-22.9 34.7-42.6 42.6-29.5 11.7-99.5 9-132.1 9s-102.7 2.6-132.1-9c-19.6-7.8-34.7-22.9-42.6-42.6-11.7-29.5-9-99.5-9-132.1s-2.6-102.7 9-132.1c7.8-19.6 22.9-34.7 42.6-42.6 29.5-11.7 99.5-9 132.1-9s102.7-2.6 132.1 9c19.6 7.8 34.7 22.9 42.6 42.6 11.7 29.5 9 99.5 9 132.1s2.7 102.7-9 132.1z\"><\/path><\/svg>\t\t\t\t\t<\/a>\n\t\t\t\t<\/span>\n\t\t\t\t\t\t\t<span class=\"elementor-grid-item\" role=\"listitem\">\n\t\t\t\t\t<a class=\"elementor-icon elementor-social-icon elementor-social-icon-tiktok elementor-repeater-item-464a2b6\" href=\"https:\/\/www.tiktok.com\/@laruchekids\" target=\"_blank\">\n\t\t\t\t\t\t<span class=\"elementor-screen-only\">Tiktok<\/span>\n\t\t\t\t\t\t<svg aria-hidden=\"true\" class=\"e-font-icon-svg e-fab-tiktok\" viewbox=\"0 0 448 512\" xmlns=\"http:\/\/www.w3.org\/2000\/svg\"><path d=\"M448,209.91a210.06,210.06,0,0,1-122.77-39.25V349.38A162.55,162.55,0,1,1,185,188.31V278.2a74.62,74.62,0,1,0,52.23,71.18V0l88,0a121.18,121.18,0,0,0,1.86,22.17h0A122.18,122.18,0,0,0,381,102.39a121.43,121.43,0,0,0,67,20.14Z\"><\/path><\/svg>\t\t\t\t\t<\/a>\n\t\t\t\t<\/span>\n\t\t\t\t\t<\/div>\n\t\t\t\t\t\t<\/div>\n\t\t\t\t<\/div>\n\t\t\t\t\t<\/div>\n\t\t\t\t<\/div>\n\t\t\t\t<\/div>","protected":false},"excerpt":{"rendered":"<p>Rules for a Safe &amp; Fun Visit To keep La Ruche Kids safe, clean, and enjoyable for everyone, please read our house rules before your visit.Key points: children remain under the supervision of a parent\/guardian at all times, socks are mandatory for children and adults in all play areas, no outside food or drinks, respectful [&hellip;]<\/p>\n","protected":false},"author":1,"featured_media":0,"parent":0,"menu_order":0,"comment_status":"closed","ping_status":"closed","template":"","meta":{"inline_featured_image":false,"footnotes":""},"class_list":["post-938","page","type-page","status-publish","hentry"],"yoast_head":"<!-- This site is optimized with the Yoast SEO plugin v27.4 - https:\/\/yoast.com\/product\/yoast-seo-wordpress\/ -->\n<title>House Rules - La Ruche Kids<\/title>\n<meta name=\"robots\" content=\"index, follow, max-snippet:-1, max-image-preview:large, max-video-preview:-1\" \/>\n<link rel=\"canonical\" href=\"https:\/\/laruchekids.com\/fr\/house-rules\/\" \/>\n<meta property=\"og:locale\" content=\"fr_FR\" \/>\n<meta property=\"og:type\" content=\"article\" \/>\n<meta property=\"og:title\" content=\"House Rules - La Ruche Kids\" \/>\n<meta property=\"og:description\" content=\"Rules for a Safe &amp; Fun Visit To keep La Ruche Kids safe, clean, and enjoyable for everyone, please read our house rules before your visit.Key points: children remain under the supervision of a parent\/guardian at all times, socks are mandatory for children and adults in all play areas, no outside food or drinks, respectful [&hellip;]\" \/>\n<meta property=\"og:url\" content=\"https:\/\/laruchekids.com\/fr\/house-rules\/\" \/>\n<meta property=\"og:site_name\" content=\"La Ruche Kids\" \/>\n<meta property=\"article:publisher\" content=\"https:\/\/www.facebook.com\/profile.php?id=61585659606212\" \/>\n<meta property=\"article:modified_time\" content=\"2026-04-16T12:21:12+00:00\" \/>\n<meta property=\"og:image\" content=\"https:\/\/laruchekids.com\/wp-content\/uploads\/2026\/04\/La-Ruche-Kids-Logo-scaled.jpg\" \/>\n\t<meta property=\"og:image:width\" content=\"2560\" \/>\n\t<meta property=\"og:image:height\" content=\"1568\" \/>\n\t<meta property=\"og:image:type\" content=\"image\/jpeg\" \/>\n<meta name=\"twitter:card\" content=\"summary_large_image\" \/>\n<meta name=\"twitter:label1\" content=\"Dur\u00e9e de lecture est.\" \/>\n\t<meta name=\"twitter:data1\" content=\"1 minute\" \/>\n<script type=\"application\/ld+json\" class=\"yoast-schema-graph\">{\"@context\":\"https:\\\/\\\/schema.org\",\"@graph\":[{\"@type\":\"WebPage\",\"@id\":\"https:\\\/\\\/laruchekids.com\\\/house-rules\\\/\",\"url\":\"https:\\\/\\\/laruchekids.com\\\/house-rules\\\/\",\"name\":\"House Rules - La Ruche Kids\",\"isPartOf\":{\"@id\":\"https:\\\/\\\/laruchekids.com\\\/#website\"},\"datePublished\":\"2026-04-07T19:47:55+00:00\",\"dateModified\":\"2026-04-16T12:21:12+00:00\",\"breadcrumb\":{\"@id\":\"https:\\\/\\\/laruchekids.com\\\/house-rules\\\/#breadcrumb\"},\"inLanguage\":\"fr-BE\",\"potentialAction\":[{\"@type\":\"ReadAction\",\"target\":[\"https:\\\/\\\/laruchekids.com\\\/house-rules\\\/\"]}]},{\"@type\":\"BreadcrumbList\",\"@id\":\"https:\\\/\\\/laruchekids.com\\\/house-rules\\\/#breadcrumb\",\"itemListElement\":[{\"@type\":\"ListItem\",\"position\":1,\"name\":\"Home\",\"item\":\"https:\\\/\\\/laruchekids.com\\\/\"},{\"@type\":\"ListItem\",\"position\":2,\"name\":\"House Rules\"}]},{\"@type\":\"WebSite\",\"@id\":\"https:\\\/\\\/laruchekids.com\\\/#website\",\"url\":\"https:\\\/\\\/laruchekids.com\\\/\",\"name\":\"La Ruche Kids\",\"description\":\"\",\"publisher\":{\"@id\":\"https:\\\/\\\/laruchekids.com\\\/#organization\"},\"potentialAction\":[{\"@type\":\"SearchAction\",\"target\":{\"@type\":\"EntryPoint\",\"urlTemplate\":\"https:\\\/\\\/laruchekids.com\\\/?s={search_term_string}\"},\"query-input\":{\"@type\":\"PropertyValueSpecification\",\"valueRequired\":true,\"valueName\":\"search_term_string\"}}],\"inLanguage\":\"fr-BE\"},{\"@type\":\"Organization\",\"@id\":\"https:\\\/\\\/laruchekids.com\\\/#organization\",\"name\":\"La Ruche Kids\",\"url\":\"https:\\\/\\\/laruchekids.com\\\/\",\"logo\":{\"@type\":\"ImageObject\",\"inLanguage\":\"fr-BE\",\"@id\":\"https:\\\/\\\/laruchekids.com\\\/#\\\/schema\\\/logo\\\/image\\\/\",\"url\":\"https:\\\/\\\/laruchekids.com\\\/wp-content\\\/uploads\\\/2026\\\/04\\\/La-Ruche-Kids-Logo_SMALL-XS.png\",\"contentUrl\":\"https:\\\/\\\/laruchekids.com\\\/wp-content\\\/uploads\\\/2026\\\/04\\\/La-Ruche-Kids-Logo_SMALL-XS.png\",\"width\":250,\"height\":153,\"caption\":\"La Ruche Kids\"},\"image\":{\"@id\":\"https:\\\/\\\/laruchekids.com\\\/#\\\/schema\\\/logo\\\/image\\\/\"},\"sameAs\":[\"https:\\\/\\\/www.facebook.com\\\/profile.php?id=61585659606212\",\"https:\\\/\\\/www.instagram.com\\\/laruchekids\\\/\",\"https:\\\/\\\/www.tiktok.com\\\/@laruchekids\"]}]}<\/script>\n<!-- \/ Yoast SEO plugin. -->","yoast_head_json":{"title":"House Rules - La Ruche Kids","robots":{"index":"index","follow":"follow","max-snippet":"max-snippet:-1","max-image-preview":"max-image-preview:large","max-video-preview":"max-video-preview:-1"},"canonical":"https:\/\/laruchekids.com\/fr\/house-rules\/","og_locale":"fr_FR","og_type":"article","og_title":"House Rules - La Ruche Kids","og_description":"Rules for a Safe &amp; Fun Visit To keep La Ruche Kids safe, clean, and enjoyable for everyone, please read our house rules before your visit.Key points: children remain under the supervision of a parent\/guardian at all times, socks are mandatory for children and adults in all play areas, no outside food or drinks, respectful [&hellip;]","og_url":"https:\/\/laruchekids.com\/fr\/house-rules\/","og_site_name":"La Ruche Kids","article_publisher":"https:\/\/www.facebook.com\/profile.php?id=61585659606212","article_modified_time":"2026-04-16T12:21:12+00:00","og_image":[{"width":2560,"height":1568,"url":"https:\/\/laruchekids.com\/wp-content\/uploads\/2026\/04\/La-Ruche-Kids-Logo-scaled.jpg","type":"image\/jpeg"}],"twitter_card":"summary_large_image","twitter_misc":{"Dur\u00e9e de lecture est.":"1 minute"},"schema":{"@context":"https:\/\/schema.org","@graph":[{"@type":"WebPage","@id":"https:\/\/laruchekids.com\/house-rules\/","url":"https:\/\/laruchekids.com\/house-rules\/","name":"House Rules - La Ruche Kids","isPartOf":{"@id":"https:\/\/laruchekids.com\/#website"},"datePublished":"2026-04-07T19:47:55+00:00","dateModified":"2026-04-16T12:21:12+00:00","breadcrumb":{"@id":"https:\/\/laruchekids.com\/house-rules\/#breadcrumb"},"inLanguage":"fr-BE","potentialAction":[{"@type":"ReadAction","target":["https:\/\/laruchekids.com\/house-rules\/"]}]},{"@type":"BreadcrumbList","@id":"https:\/\/laruchekids.com\/house-rules\/#breadcrumb","itemListElement":[{"@type":"ListItem","position":1,"name":"Home","item":"https:\/\/laruchekids.com\/"},{"@type":"ListItem","position":2,"name":"House Rules"}]},{"@type":"WebSite","@id":"https:\/\/laruchekids.com\/#website","url":"https:\/\/laruchekids.com\/","name":"La Ruche Kids","description":"","publisher":{"@id":"https:\/\/laruchekids.com\/#organization"},"potentialAction":[{"@type":"SearchAction","target":{"@type":"EntryPoint","urlTemplate":"https:\/\/laruchekids.com\/?s={search_term_string}"},"query-input":{"@type":"PropertyValueSpecification","valueRequired":true,"valueName":"search_term_string"}}],"inLanguage":"fr-BE"},{"@type":"Organization","@id":"https:\/\/laruchekids.com\/#organization","name":"La Ruche Kids","url":"https:\/\/laruchekids.com\/","logo":{"@type":"ImageObject","inLanguage":"fr-BE","@id":"https:\/\/laruchekids.com\/#\/schema\/logo\/image\/","url":"https:\/\/laruchekids.com\/wp-content\/uploads\/2026\/04\/La-Ruche-Kids-Logo_SMALL-XS.png","contentUrl":"https:\/\/laruchekids.com\/wp-content\/uploads\/2026\/04\/La-Ruche-Kids-Logo_SMALL-XS.png","width":250,"height":153,"caption":"La Ruche Kids"},"image":{"@id":"https:\/\/laruchekids.com\/#\/schema\/logo\/image\/"},"sameAs":["https:\/\/www.facebook.com\/profile.php?id=61585659606212","https:\/\/www.instagram.com\/laruchekids\/","https:\/\/www.tiktok.com\/@laruchekids"]}]}},"_links":{"self":[{"href":"https:\/\/laruchekids.com\/fr\/wp-json\/wp\/v2\/pages\/938","targetHints":{"allow":["GET"]}}],"collection":[{"href":"https:\/\/laruchekids.com\/fr\/wp-json\/wp\/v2\/pages"}],"about":[{"href":"https:\/\/laruchekids.com\/fr\/wp-json\/wp\/v2\/types\/page"}],"author":[{"embeddable":true,"href":"https:\/\/laruchekids.com\/fr\/wp-json\/wp\/v2\/users\/1"}],"replies":[{"embeddable":true,"href":"https:\/\/laruchekids.com\/fr\/wp-json\/wp\/v2\/comments?post=938"}],"version-history":[{"count":32,"href":"https:\/\/laruchekids.com\/fr\/wp-json\/wp\/v2\/pages\/938\/revisions"}],"predecessor-version":[{"id":1715,"href":"https:\/\/laruchekids.com\/fr\/wp-json\/wp\/v2\/pages\/938\/revisions\/1715"}],"wp:attachment":[{"href":"https:\/\/laruchekids.com\/fr\/wp-json\/wp\/v2\/media?parent=938"}],"curies":[{"name":"wp","href":"https:\/\/api.w.org\/{rel}","templated":true}]}}